{"id":2501,"date":"2025-11-05T10:45:14","date_gmt":"2025-11-05T08:45:14","guid":{"rendered":"https:\/\/karinm.taiendkoolitused.ee\/home\/"},"modified":"2026-02-01T20:21:46","modified_gmt":"2026-02-01T18:21:46","slug":"avaleht","status":"publish","type":"page","link":"https:\/\/karinm.taiendkoolitused.ee\/en\/","title":{"rendered":"Avaleht"},"content":{"rendered":"<div data-elementor-type=\"wp-page\" data-elementor-id=\"2501\" class=\"elementor elementor-2501\">\n\t\t\t\t<div class=\"elementor-element elementor-element-9e1a3b7 e-con-full e-flex e-con e-parent\" data-id=\"9e1a3b7\" data-element_type=\"container\" data-settings=\"{&quot;background_background&quot;:&quot;classic&quot;}\">\n\t\t\t\t<div class=\"elementor-element elementor-element-4a02dab elementor-widget__width-initial elementor-widget-mobile__width-initial elementor-widget elementor-widget-heading\" data-id=\"4a02dab\" data-element_type=\"widget\" data-widget_type=\"heading.default\">\n\t\t\t\t<div class=\"elementor-widget-container\">\n\t\t\t\t\t<h1 class=\"elementor-heading-title elementor-size-default\">we love rallycross<\/h1>\t\t\t\t<\/div>\n\t\t\t\t<\/div>\n\t\t\t\t<\/div>\n\t\t<div class=\"elementor-element elementor-element-96bd614 e-con-full e-flex e-con e-parent\" data-id=\"96bd614\" data-element_type=\"container\">\n\t\t<div class=\"elementor-element elementor-element-f6f7e27 e-flex e-con-boxed e-con e-child\" data-id=\"f6f7e27\" data-element_type=\"container\">\n\t\t\t\t\t<div class=\"e-con-inner\">\n\t\t\t\t<div class=\"elementor-element elementor-element-d16f5b6 elementor-widget elementor-widget-heading\" data-id=\"d16f5b6\" data-element_type=\"widget\" data-widget_type=\"heading.default\">\n\t\t\t\t<div class=\"elementor-widget-container\">\n\t\t\t\t\t<h2 class=\"elementor-heading-title elementor-size-default\">Meist<\/h2>\t\t\t\t<\/div>\n\t\t\t\t<\/div>\n\t\t<div class=\"elementor-element elementor-element-a306a4a e-flex e-con-boxed e-con e-child\" data-id=\"a306a4a\" data-element_type=\"container\">\n\t\t\t\t\t<div class=\"e-con-inner\">\n\t\t<div class=\"elementor-element elementor-element-5822dc4 e-flex e-con-boxed e-con e-child\" data-id=\"5822dc4\" data-element_type=\"container\">\n\t\t\t\t\t<div class=\"e-con-inner\">\n\t\t\t\t<div class=\"elementor-element elementor-element-85cc8cf elementor-widget elementor-widget-image\" data-id=\"85cc8cf\" data-element_type=\"widget\" data-widget_type=\"image.default\">\n\t\t\t\t<div class=\"elementor-widget-container\">\n\t\t\t\t\t\t\t\t\t\t\t\t\t\t\t<img fetchpriority=\"high\" decoding=\"async\" width=\"1440\" height=\"961\" src=\"https:\/\/karinm.taiendkoolitused.ee\/wp-content\/uploads\/2025\/10\/pilt.jpg\" class=\"attachment-full size-full wp-image-2124\" alt=\"pilt\" srcset=\"https:\/\/karinm.taiendkoolitused.ee\/wp-content\/uploads\/2025\/10\/pilt.jpg 1440w, https:\/\/karinm.taiendkoolitused.ee\/wp-content\/uploads\/2025\/10\/pilt-600x400.jpg 600w, https:\/\/karinm.taiendkoolitused.ee\/wp-content\/uploads\/2025\/10\/pilt-300x200.jpg 300w, https:\/\/karinm.taiendkoolitused.ee\/wp-content\/uploads\/2025\/10\/pilt-1024x683.jpg 1024w, https:\/\/karinm.taiendkoolitused.ee\/wp-content\/uploads\/2025\/10\/pilt-768x513.jpg 768w\" sizes=\"(max-width: 1440px) 100vw, 1440px\" title=\"Avaleht\">\t\t\t\t\t\t\t\t\t\t\t\t\t\t\t<\/div>\n\t\t\t\t<\/div>\n\t\t\t\t<div class=\"elementor-element elementor-element-46b514f elementor-widget elementor-widget-hfe-infocard\" data-id=\"46b514f\" data-element_type=\"widget\" data-widget_type=\"hfe-infocard.default\">\n\t\t\t\t<div class=\"elementor-widget-container\">\n\t\t\t\t\t\n\t\t<div class=\"hfe-infocard\">\n\t\t\t\t\t\t\t\t\t<div class=\"hfe-infocard-title-wrap\">\n\t\t\t\t<h3 class=\"hfe-infocard-title elementor-inline-editing\" data-elementor-setting-key=\"infocard_title\" data-elementor-inline-editing-toolbar=\"basic\" >Racing car<\/h3>\t\t\t<\/div>\n\t\t\t\t\t\t<div class=\"hfe-infocard-text-wrap\">\n\t\t\t\t<div class=\"hfe-infocard-text elementor-inline-editing\" data-elementor-setting-key=\"infocard_description\" data-elementor-inline-editing-toolbar=\"advanced\">\n\t\t\t\t\t<p>Tamm Racing car is Ford Fiesta<\/p>\t\t\t\t<\/div>\n\t\t\t\t\t\t\t<\/div>\n\t\t<\/div>\n\n\t\t\t\t\t\t<\/div>\n\t\t\t\t<\/div>\n\t\t\t\t\t<\/div>\n\t\t\t\t<\/div>\n\t\t<div class=\"elementor-element elementor-element-39b81fb e-flex e-con-boxed e-con e-child\" data-id=\"39b81fb\" data-element_type=\"container\">\n\t\t\t\t\t<div class=\"e-con-inner\">\n\t\t\t\t<div class=\"elementor-element elementor-element-66dde07 elementor-widget elementor-widget-image\" data-id=\"66dde07\" data-element_type=\"widget\" data-widget_type=\"image.default\">\n\t\t\t\t<div class=\"elementor-widget-container\">\n\t\t\t\t\t\t\t\t\t\t\t\t\t\t\t<img decoding=\"async\" width=\"2560\" height=\"1707\" src=\"https:\/\/karinm.taiendkoolitused.ee\/wp-content\/uploads\/2025\/10\/S9PbT7qA-scaled.jpeg\" class=\"attachment-full size-full wp-image-2168\" alt=\"s9pbt7qa\" srcset=\"https:\/\/karinm.taiendkoolitused.ee\/wp-content\/uploads\/2025\/10\/S9PbT7qA-scaled.jpeg 2560w, https:\/\/karinm.taiendkoolitused.ee\/wp-content\/uploads\/2025\/10\/S9PbT7qA-scaled-600x400.jpeg 600w, https:\/\/karinm.taiendkoolitused.ee\/wp-content\/uploads\/2025\/10\/S9PbT7qA-300x200.jpeg 300w, https:\/\/karinm.taiendkoolitused.ee\/wp-content\/uploads\/2025\/10\/S9PbT7qA-1024x683.jpeg 1024w, https:\/\/karinm.taiendkoolitused.ee\/wp-content\/uploads\/2025\/10\/S9PbT7qA-768x512.jpeg 768w, https:\/\/karinm.taiendkoolitused.ee\/wp-content\/uploads\/2025\/10\/S9PbT7qA-1536x1024.jpeg 1536w, https:\/\/karinm.taiendkoolitused.ee\/wp-content\/uploads\/2025\/10\/S9PbT7qA-2048x1365.jpeg 2048w\" sizes=\"(max-width: 2560px) 100vw, 2560px\" title=\"Avaleht\">\t\t\t\t\t\t\t\t\t\t\t\t\t\t\t<\/div>\n\t\t\t\t<\/div>\n\t\t\t\t<div class=\"elementor-element elementor-element-b55debf elementor-widget elementor-widget-hfe-infocard\" data-id=\"b55debf\" data-element_type=\"widget\" data-widget_type=\"hfe-infocard.default\">\n\t\t\t\t<div class=\"elementor-widget-container\">\n\t\t\t\t\t\n\t\t<div class=\"hfe-infocard\">\n\t\t\t\t\t\t\t\t\t<div class=\"hfe-infocard-title-wrap\">\n\t\t\t\t<h3 class=\"hfe-infocard-title elementor-inline-editing\" data-elementor-setting-key=\"infocard_title\" data-elementor-inline-editing-toolbar=\"basic\" >S\u00f5itja<\/h3>\t\t\t<\/div>\n\t\t\t\t\t\t<div class=\"hfe-infocard-text-wrap\">\n\t\t\t\t<div class=\"hfe-infocard-text elementor-inline-editing\" data-elementor-setting-key=\"infocard_description\" data-elementor-inline-editing-toolbar=\"advanced\">\n\t\t\t\t\t<p>Tamm Racing teami s\u00f5itja on Maiko Tamm. Ta on osalenud nii Eesti, Balti kui rahvusvahelistes sarjades.<\/p>\n<p>On kahekordne Eesti Meister (2022, 2023).&nbsp;<\/p>\n<p>Rahvusvahelistest v\u00f5istlustest tulemused:<\/p>\n<p>2023 RallyX Championship Pro Am klassis I koht;<\/p>\n<p>2024, 2025 RallyX Championship 4WD Open klassis 3.koht;<\/p>\n<p>2025 EUR RX klassis RX1 etapiv\u00f5it.<\/p>\n<p><br><\/p>\t\t\t\t<\/div>\n\t\t\t\t\t\t\t<\/div>\n\t\t<\/div>\n\n\t\t\t\t\t\t<\/div>\n\t\t\t\t<\/div>\n\t\t\t\t\t<\/div>\n\t\t\t\t<\/div>\n\t\t<div class=\"elementor-element elementor-element-db379a5 e-flex e-con-boxed e-con e-child\" data-id=\"db379a5\" data-element_type=\"container\">\n\t\t\t\t\t<div class=\"e-con-inner\">\n\t\t\t\t<div class=\"elementor-element elementor-element-ece35b4 elementor-widget elementor-widget-image\" data-id=\"ece35b4\" data-element_type=\"widget\" data-widget_type=\"image.default\">\n\t\t\t\t<div class=\"elementor-widget-container\">\n\t\t\t\t\t\t\t\t\t\t\t\t\t\t\t<img decoding=\"async\" width=\"2560\" height=\"1706\" src=\"https:\/\/karinm.taiendkoolitused.ee\/wp-content\/uploads\/2025\/11\/TRAUBERGS_NEW-CREDIT_-EDIJS-DZALBS-04-scaled.jpg\" class=\"attachment-full size-full wp-image-2530\" alt=\"traubergs new credit edijs dzalbs 04\" srcset=\"https:\/\/karinm.taiendkoolitused.ee\/wp-content\/uploads\/2025\/11\/TRAUBERGS_NEW-CREDIT_-EDIJS-DZALBS-04-scaled.jpg 2560w, https:\/\/karinm.taiendkoolitused.ee\/wp-content\/uploads\/2025\/11\/TRAUBERGS_NEW-CREDIT_-EDIJS-DZALBS-04-scaled-600x400.jpg 600w, https:\/\/karinm.taiendkoolitused.ee\/wp-content\/uploads\/2025\/11\/TRAUBERGS_NEW-CREDIT_-EDIJS-DZALBS-04-300x200.jpg 300w, https:\/\/karinm.taiendkoolitused.ee\/wp-content\/uploads\/2025\/11\/TRAUBERGS_NEW-CREDIT_-EDIJS-DZALBS-04-1024x683.jpg 1024w, https:\/\/karinm.taiendkoolitused.ee\/wp-content\/uploads\/2025\/11\/TRAUBERGS_NEW-CREDIT_-EDIJS-DZALBS-04-768x512.jpg 768w, https:\/\/karinm.taiendkoolitused.ee\/wp-content\/uploads\/2025\/11\/TRAUBERGS_NEW-CREDIT_-EDIJS-DZALBS-04-1536x1024.jpg 1536w, https:\/\/karinm.taiendkoolitused.ee\/wp-content\/uploads\/2025\/11\/TRAUBERGS_NEW-CREDIT_-EDIJS-DZALBS-04-2048x1365.jpg 2048w\" sizes=\"(max-width: 2560px) 100vw, 2560px\" title=\"Avaleht\">\t\t\t\t\t\t\t\t\t\t\t\t\t\t\t<\/div>\n\t\t\t\t<\/div>\n\t\t\t\t<div class=\"elementor-element elementor-element-6001a5f elementor-widget elementor-widget-hfe-infocard\" data-id=\"6001a5f\" data-element_type=\"widget\" data-widget_type=\"hfe-infocard.default\">\n\t\t\t\t<div class=\"elementor-widget-container\">\n\t\t\t\t\t\n\t\t<div class=\"hfe-infocard\">\n\t\t\t\t\t\t\t\t\t<div class=\"hfe-infocard-title-wrap\">\n\t\t\t\t<h3 class=\"hfe-infocard-title elementor-inline-editing\" data-elementor-setting-key=\"infocard_title\" data-elementor-inline-editing-toolbar=\"basic\" >Meeskond<\/h3>\t\t\t<\/div>\n\t\t\t\t\t\t<div class=\"hfe-infocard-text-wrap\">\n\t\t\t\t<div class=\"hfe-infocard-text elementor-inline-editing\" data-elementor-setting-key=\"infocard_description\" data-elementor-inline-editing-toolbar=\"advanced\">\n\t\t\t\t\t<p>Tamm Racing teeb koost\u00f6\u00f6d alates 2014 aastast&nbsp; TTMotorspordiga (L\u00e4ti),&nbsp; kes hooldab ja valmistab v\u00f5istlusauto v\u00f5istlusteks ette.&nbsp;<\/p>\t\t\t\t<\/div>\n\t\t\t\t\t\t\t<\/div>\n\t\t<\/div>\n\n\t\t\t\t\t\t<\/div>\n\t\t\t\t<\/div>\n\t\t\t\t\t<\/div>\n\t\t\t\t<\/div>\n\t\t\t\t\t<\/div>\n\t\t\t\t<\/div>\n\t\t\t\t\t<\/div>\n\t\t\t\t<\/div>\n\t\t\t\t<\/div>\n\t\t<div class=\"elementor-element elementor-element-2088e95 e-flex e-con-boxed e-con e-parent\" data-id=\"2088e95\" data-element_type=\"container\">\n\t\t\t\t\t<div class=\"e-con-inner\">\n\t\t\t\t<div class=\"elementor-element elementor-element-f10a924 elementor-widget-divider--view-line elementor-widget elementor-widget-divider\" data-id=\"f10a924\" data-element_type=\"widget\" data-widget_type=\"divider.default\">\n\t\t\t\t<div class=\"elementor-widget-container\">\n\t\t\t\t\t\t\t<div class=\"elementor-divider\">\n\t\t\t<span class=\"elementor-divider-separator\">\n\t\t\t\t\t\t<\/span>\n\t\t<\/div>\n\t\t\t\t\t\t<\/div>\n\t\t\t\t<\/div>\n\t\t\t\t<div class=\"elementor-element elementor-element-0bf1df9 elementor-widget elementor-widget-heading\" data-id=\"0bf1df9\" data-element_type=\"widget\" data-widget_type=\"heading.default\">\n\t\t\t\t<div class=\"elementor-widget-container\">\n\t\t\t\t\t<h2 class=\"elementor-heading-title elementor-size-default\">KONTAKTIVORM<\/h2>\t\t\t\t<\/div>\n\t\t\t\t<\/div>\n\t\t\t\t<div class=\"elementor-element elementor-element-8eddf4d eael-wpforms-labels-yes eael-wpforms-form-button-custom elementor-widget elementor-widget-eael-wpforms\" data-id=\"8eddf4d\" data-element_type=\"widget\" data-widget_type=\"eael-wpforms.default\">\n\t\t\t\t<div class=\"elementor-widget-container\">\n\t\t\t\t\t            <div class=\"eael-contact-form eael-wpforms title-description-hide eael-wpforms-align-center\">\n                                    <div class=\"eael-wpforms-heading\">\n                                                                    <\/div>\n                                <div class=\"wpforms-container\" id=\"wpforms-2423\"><form id=\"wpforms-form-2423\" class=\"wpforms-validate wpforms-form wpforms-ajax-form\" data-formid=\"2423\" method=\"post\" enctype=\"multipart\/form-data\" action=\"\/en\/wp-json\/wp\/v2\/pages\/2501\" data-token=\"3c00c5ea400fe7259e9257422566dcf2\" data-token-time=\"1776517188\" data-trp-original-action=\"\/en\/wp-json\/wp\/v2\/pages\/2501\"><noscript class=\"wpforms-error-noscript\">Please enable JavaScript in your browser to complete this form.<\/noscript><div class=\"wpforms-field-container\"><div id=\"wpforms-2423-field_1-container\" class=\"wpforms-field wpforms-field-name\" data-field-id=\"1\"><label class=\"wpforms-field-label\" for=\"wpforms-2423-field_1\">Nimi <span class=\"wpforms-required-label\">*<\/span><\/label><input type=\"text\" id=\"wpforms-2423-field_1\" class=\"wpforms-field-medium wpforms-field-required\" name=\"wpforms[fields][1]\" placeholder=\"Sinu nimi\" required><\/div><div id=\"wpforms-2423-field_2-container\" class=\"wpforms-field wpforms-field-email\" data-field-id=\"2\"><label class=\"wpforms-field-label\" for=\"wpforms-2423-field_2\">E-mail <span class=\"wpforms-required-label\">*<\/span><\/label><input type=\"email\" id=\"wpforms-2423-field_2\" class=\"wpforms-field-medium wpforms-field-required\" name=\"wpforms[fields][2]\" spellcheck=\"false\" required><\/div><div id=\"wpforms-2423-field_3-container\" class=\"wpforms-field wpforms-field-textarea\" data-field-id=\"3\"><label class=\"wpforms-field-label\" for=\"wpforms-2423-field_3\">Sinu s\u00f5num <span class=\"wpforms-required-label\">*<\/span><\/label><textarea id=\"wpforms-2423-field_3\" class=\"wpforms-field-medium wpforms-field-required\" name=\"wpforms[fields][3]\" placeholder=\"Millega saan Sind aidata?\" required><\/textarea><\/div>\t\t<div id=\"wpforms-2423-field_5-container\"\n\t\t\tclass=\"wpforms-field wpforms-field-text\"\n\t\t\tdata-field-type=\"text\"\n\t\t\tdata-field-id=\"5\"\n\t\t\t>\n\t\t\t<label class=\"wpforms-field-label\" for=\"wpforms-2423-field_5\" >Sinu s\u00f5num Nimi<\/label>\n\t\t\t<input type=\"text\" id=\"wpforms-2423-field_5\" class=\"wpforms-field-medium\" name=\"wpforms[fields][5]\" >\n\t\t<\/div>\n\t\t<div id=\"wpforms-2423-field_4-container\" class=\"wpforms-field wpforms-field-gdpr-checkbox\" data-field-id=\"4\"><ul id=\"wpforms-2423-field_4\" class=\"wpforms-field-required\"><li class=\"choice-1\"><input type=\"checkbox\" id=\"wpforms-2423-field_4_1\" name=\"wpforms[fields][4][]\" value=\"N\u00f5ustun andmekaitsetingimustega\" required><label class=\"wpforms-field-label-inline\" for=\"wpforms-2423-field_4_1\">N\u00f5ustun andmekaitsetingimustega<\/label><\/li><\/ul><\/div><script>\n\t\t\t\t( function() {\n\t\t\t\t\tconst style = document.createElement( 'style' );\n\t\t\t\t\tstyle.appendChild( document.createTextNode( '#wpforms-2423-field_5-container { position: absolute !important; overflow: hidden !important; display: inline !important; height: 1px !important; width: 1px !important; z-index: -1000 !important; padding: 0 !important; } #wpforms-2423-field_5-container input { visibility: hidden; } #wpforms-conversational-form-page #wpforms-2423-field_5-container label { counter-increment: none; }' ) );\n\t\t\t\t\tdocument.head.appendChild( style );\n\t\t\t\t\tdocument.currentScript?.remove();\n\t\t\t\t} )();\n\t\t\t<\/script><\/div><!-- .wpforms-field-container --><div class=\"wpforms-submit-container\" ><input type=\"hidden\" name=\"wpforms[id]\" value=\"2423\"><input type=\"hidden\" name=\"page_title\" value=\"\"><input type=\"hidden\" name=\"page_url\" value=\"https:\/\/karinm.taiendkoolitused.ee\/en\/wp-json\/wp\/v2\/pages\/2501\"><input type=\"hidden\" name=\"url_referer\" value=\"\"><button type=\"submit\" name=\"wpforms[submit]\" id=\"wpforms-submit-2423\" class=\"wpforms-submit\" data-alt-text=\"Saatmisel\" data-submit-text=\"Saada s\u00f5num\" aria-live=\"assertive\" value=\"wpforms-submit\">Saada s\u00f5num<\/button><img loading=\"lazy\" decoding=\"async\" src=\"https:\/\/karinm.taiendkoolitused.ee\/wp-content\/plugins\/wpforms-lite\/assets\/images\/submit-spin.svg\" class=\"wpforms-submit-spinner\" style=\"display: none;\" width=\"26\" height=\"26\" alt=\"Loading\" title=\"Avaleht\"><\/div><input type=\"hidden\" name=\"trp-form-language\" value=\"en\"\/><\/form><\/div>  <!-- .wpforms-container -->            <\/div>\n\t\t\t\t<\/div>\n\t\t\t\t<\/div>\n\t\t\t\t<div class=\"elementor-element elementor-element-bc068b9 elementor-widget-mobile__width-initial elementor-widget-divider--view-line elementor-widget elementor-widget-divider\" data-id=\"bc068b9\" data-element_type=\"widget\" data-widget_type=\"divider.default\">\n\t\t\t\t<div class=\"elementor-widget-container\">\n\t\t\t\t\t\t\t<div class=\"elementor-divider\">\n\t\t\t<span class=\"elementor-divider-separator\">\n\t\t\t\t\t\t<\/span>\n\t\t<\/div>\n\t\t\t\t\t\t<\/div>\n\t\t\t\t<\/div>\n\t\t\t\t\t<\/div>\n\t\t\t\t<\/div>\n\t\t\t\t<\/div>","protected":false},"excerpt":{"rendered":"<p>we love rallycross Meist V\u00f5istlusauto Tamm Racing v\u00f5istlusautoks on Ford Fiesta RX, millega v\u00f5isteldakse 4WD Open (Supercar) klassis. S\u00f5itja Tamm Racing teami s\u00f5itja on Maiko Tamm. Ta on osalenud nii Eesti, Balti kui rahvusvahelistes sarjades. On kahekordne Eesti Meister (2022, 2023).&nbsp; Rahvusvahelistest v\u00f5istlustest tulemused: 2023 RallyX Championship Pro Am klassis I koht; 2024, 2025 RallyX [&hellip;]<\/p>","protected":false},"author":1,"featured_media":0,"parent":0,"menu_order":0,"comment_status":"closed","ping_status":"closed","template":"","meta":{"site-sidebar-layout":"no-sidebar","site-content-layout":"page-builder","ast-site-content-layout":"default","site-content-style":"default","site-sidebar-style":"default","ast-global-header-display":"","ast-banner-title-visibility":"","ast-main-header-display":"","ast-hfb-above-header-display":"","ast-hfb-below-header-display":"","ast-hfb-mobile-header-display":"","site-post-title":"disabled","ast-breadcrumbs-content":"","ast-featured-img":"disabled","footer-sml-layout":"","theme-transparent-header-meta":"enabled","adv-header-id-meta":"","stick-header-meta":"","header-above-stick-meta":"","header-main-stick-meta":"","header-below-stick-meta":"","astra-migrate-meta-layouts":"default","ast-page-background-enabled":"default","ast-page-background-meta":{"desktop":{"background-color":"var(--ast-global-color-4)","background-image":"","background-repeat":"repeat","background-position":"center center","background-size":"auto","background-attachment":"scroll","background-type":"","background-media":"","overlay-type":"","overlay-color":"","overlay-opacity":"","overlay-gradient":""},"tablet":{"background-color":"","background-image":"","background-repeat":"repeat","background-position":"center center","background-size":"auto","background-attachment":"scroll","background-type":"","background-media":"","overlay-type":"","overlay-color":"","overlay-opacity":"","overlay-gradient":""},"mobile":{"background-color":"","background-image":"","background-repeat":"repeat","background-position":"center center","background-size":"auto","background-attachment":"scroll","background-type":"","background-media":"","overlay-type":"","overlay-color":"","overlay-opacity":"","overlay-gradient":""}},"ast-content-background-meta":{"desktop":{"background-color":"var(--ast-global-color-5)","background-image":"","background-repeat":"repeat","background-position":"center center","background-size":"auto","background-attachment":"scroll","background-type":"","background-media":"","overlay-type":"","overlay-color":"","overlay-opacity":"","overlay-gradient":""},"tablet":{"background-color":"var(--ast-global-color-5)","background-image":"","background-repeat":"repeat","background-position":"center center","background-size":"auto","background-attachment":"scroll","background-type":"","background-media":"","overlay-type":"","overlay-color":"","overlay-opacity":"","overlay-gradient":""},"mobile":{"background-color":"var(--ast-global-color-5)","background-image":"","background-repeat":"repeat","background-position":"center center","background-size":"auto","background-attachment":"scroll","background-type":"","background-media":"","overlay-type":"","overlay-color":"","overlay-opacity":"","overlay-gradient":""}},"footnotes":""},"class_list":["post-2501","page","type-page","status-publish","hentry"],"_links":{"self":[{"href":"https:\/\/karinm.taiendkoolitused.ee\/en\/wp-json\/wp\/v2\/pages\/2501","targetHints":{"allow":["GET"]}}],"collection":[{"href":"https:\/\/karinm.taiendkoolitused.ee\/en\/wp-json\/wp\/v2\/pages"}],"about":[{"href":"https:\/\/karinm.taiendkoolitused.ee\/en\/wp-json\/wp\/v2\/types\/page"}],"author":[{"embeddable":true,"href":"https:\/\/karinm.taiendkoolitused.ee\/en\/wp-json\/wp\/v2\/users\/1"}],"replies":[{"embeddable":true,"href":"https:\/\/karinm.taiendkoolitused.ee\/en\/wp-json\/wp\/v2\/comments?post=2501"}],"version-history":[{"count":5,"href":"https:\/\/karinm.taiendkoolitused.ee\/en\/wp-json\/wp\/v2\/pages\/2501\/revisions"}],"predecessor-version":[{"id":2995,"href":"https:\/\/karinm.taiendkoolitused.ee\/en\/wp-json\/wp\/v2\/pages\/2501\/revisions\/2995"}],"wp:attachment":[{"href":"https:\/\/karinm.taiendkoolitused.ee\/en\/wp-json\/wp\/v2\/media?parent=2501"}],"curies":[{"name":"wp","href":"https:\/\/api.w.org\/{rel}","templated":true}]}}