{"id":2659,"date":"2025-11-05T22:31:37","date_gmt":"2025-11-05T20:31:37","guid":{"rendered":"https:\/\/karinm.taiendkoolitused.ee\/?page_id=2659"},"modified":"2025-11-06T13:56:33","modified_gmt":"2025-11-06T11:56:33","slug":"meist-2","status":"publish","type":"page","link":"https:\/\/karinm.taiendkoolitused.ee\/en\/meist-2\/","title":{"rendered":"Meist"},"content":{"rendered":"<div data-elementor-type=\"wp-page\" data-elementor-id=\"2659\" class=\"elementor elementor-2659\">\n\t\t\t\t<div class=\"elementor-element elementor-element-3c51613 e-flex e-con-boxed e-con e-parent\" data-id=\"3c51613\" data-element_type=\"container\">\n\t\t\t\t\t<div class=\"e-con-inner\">\n\t\t<div class=\"elementor-element elementor-element-554def8 e-con-full e-flex e-con e-child\" data-id=\"554def8\" data-element_type=\"container\">\n\t\t\t\t<div class=\"elementor-element elementor-element-4058cbd elementor-widget elementor-widget-heading\" data-id=\"4058cbd\" data-element_type=\"widget\" data-widget_type=\"heading.default\">\n\t\t\t\t<div class=\"elementor-widget-container\">\n\t\t\t\t\t<h2 class=\"elementor-heading-title elementor-size-default\">Meie missioon<\/h2>\t\t\t\t<\/div>\n\t\t\t\t<\/div>\n\t\t\t\t<div class=\"elementor-element elementor-element-0826354 elementor-widget elementor-widget-text-editor\" data-id=\"0826354\" data-element_type=\"widget\" data-widget_type=\"text-editor.default\">\n\t\t\t\t<div class=\"elementor-widget-container\">\n\t\t\t\t\t\t\t\t\t<p>Meie missiooniks on rallikrossiga tegelemine.<\/p>\t\t\t\t\t\t\t\t<\/div>\n\t\t\t\t<\/div>\n\t\t\t\t<\/div>\n\t\t<div class=\"elementor-element elementor-element-2216f89 e-con-full e-flex e-con e-child\" data-id=\"2216f89\" data-element_type=\"container\">\n\t\t\t\t<div class=\"elementor-element elementor-element-4b0bfca elementor-widget elementor-widget-heading\" data-id=\"4b0bfca\" data-element_type=\"widget\" data-widget_type=\"heading.default\">\n\t\t\t\t<div class=\"elementor-widget-container\">\n\t\t\t\t\t<h2 class=\"elementor-heading-title elementor-size-default\">Meie v\u00e4\u00e4rtused<\/h2>\t\t\t\t<\/div>\n\t\t\t\t<\/div>\n\t\t\t\t<div class=\"elementor-element elementor-element-fffd814 elementor-widget elementor-widget-text-editor\" data-id=\"fffd814\" data-element_type=\"widget\" data-widget_type=\"text-editor.default\">\n\t\t\t\t<div class=\"elementor-widget-container\">\n\t\t\t\t\t\t\t\t\t<p>Meie v\u00e4\u00e4rtused on meie inimesed, kes on p\u00fchendunud rallikrossispordile.\u00a0<\/p>\t\t\t\t\t\t\t\t<\/div>\n\t\t\t\t<\/div>\n\t\t\t\t<\/div>\n\t\t\t\t\t<\/div>\n\t\t\t\t<\/div>\n\t\t<div class=\"elementor-element elementor-element-c3dcc96 e-flex e-con-boxed e-con e-parent\" data-id=\"c3dcc96\" data-element_type=\"container\">\n\t\t\t\t\t<div class=\"e-con-inner\">\n\t\t\t\t<div class=\"elementor-element elementor-element-bd43f41 elementor-widget elementor-widget-image\" data-id=\"bd43f41\" data-element_type=\"widget\" data-widget_type=\"image.default\">\n\t\t\t\t<div class=\"elementor-widget-container\">\n\t\t\t\t\t\t\t\t\t\t\t\t\t\t\t<img fetchpriority=\"high\" decoding=\"async\" width=\"1024\" height=\"623\" src=\"https:\/\/karinm.taiendkoolitused.ee\/wp-content\/uploads\/2025\/10\/508350082_18007620404772692_253431621404817720_n-e1762256591247-1024x623.jpg\" class=\"attachment-large size-large wp-image-2166\" alt=\"508350082 18007620404772692 253431621404817720 n\" srcset=\"https:\/\/karinm.taiendkoolitused.ee\/wp-content\/uploads\/2025\/10\/508350082_18007620404772692_253431621404817720_n-e1762256591247-1024x623.jpg 1024w, https:\/\/karinm.taiendkoolitused.ee\/wp-content\/uploads\/2025\/10\/508350082_18007620404772692_253431621404817720_n-e1762256591247-600x365.jpg 600w, https:\/\/karinm.taiendkoolitused.ee\/wp-content\/uploads\/2025\/10\/508350082_18007620404772692_253431621404817720_n-e1762256591247-300x183.jpg 300w, https:\/\/karinm.taiendkoolitused.ee\/wp-content\/uploads\/2025\/10\/508350082_18007620404772692_253431621404817720_n-e1762256591247-768x467.jpg 768w, https:\/\/karinm.taiendkoolitused.ee\/wp-content\/uploads\/2025\/10\/508350082_18007620404772692_253431621404817720_n-e1762256591247.jpg 1418w\" sizes=\"(max-width: 1024px) 100vw, 1024px\" title=\"Meist\">\t\t\t\t\t\t\t\t\t\t\t\t\t\t\t<\/div>\n\t\t\t\t<\/div>\n\t\t\t\t\t<\/div>\n\t\t\t\t<\/div>\n\t\t\t\t<\/div>","protected":false},"excerpt":{"rendered":"<p>Meie missioon Meie missiooniks on rallikrossiga tegelemine. Meie v\u00e4\u00e4rtused Meie v\u00e4\u00e4rtused on meie inimesed, kes on p\u00fchendunud rallikrossispordile.\u00a0<\/p>","protected":false},"author":1,"featured_media":0,"parent":0,"menu_order":0,"comment_status":"closed","ping_status":"closed","template":"","meta":{"site-sidebar-layout":"no-sidebar","site-content-layout":"page-builder","ast-site-content-layout":"full-width-container","site-content-style":"default","site-sidebar-style":"default","ast-global-header-display":"","ast-banner-title-visibility":"","ast-main-header-display":"","ast-hfb-above-header-display":"","ast-hfb-below-header-display":"","ast-hfb-mobile-header-display":"","site-post-title":"disabled","ast-breadcrumbs-content":"","ast-featured-img":"disabled","footer-sml-layout":"","theme-transparent-header-meta":"default","adv-header-id-meta":"","stick-header-meta":"","header-above-stick-meta":"","header-main-stick-meta":"","header-below-stick-meta":"","astra-migrate-meta-layouts":"set","ast-page-background-enabled":"default","ast-page-background-meta":{"desktop":{"background-color":"var(--ast-global-color-4)","background-image":"","background-repeat":"repeat","background-position":"center center","background-size":"auto","background-attachment":"scroll","background-type":"","background-media":"","overlay-type":"","overlay-color":"","overlay-opacity":"","overlay-gradient":""},"tablet":{"background-color":"","background-image":"","background-repeat":"repeat","background-position":"center center","background-size":"auto","background-attachment":"scroll","background-type":"","background-media":"","overlay-type":"","overlay-color":"","overlay-opacity":"","overlay-gradient":""},"mobile":{"background-color":"","background-image":"","background-repeat":"repeat","background-position":"center center","background-size":"auto","background-attachment":"scroll","background-type":"","background-media":"","overlay-type":"","overlay-color":"","overlay-opacity":"","overlay-gradient":""}},"ast-content-background-meta":{"desktop":{"background-color":"var(--ast-global-color-5)","background-image":"","background-repeat":"repeat","background-position":"center center","background-size":"auto","background-attachment":"scroll","background-type":"","background-media":"","overlay-type":"","overlay-color":"","overlay-opacity":"","overlay-gradient":""},"tablet":{"background-color":"var(--ast-global-color-5)","background-image":"","background-repeat":"repeat","background-position":"center center","background-size":"auto","background-attachment":"scroll","background-type":"","background-media":"","overlay-type":"","overlay-color":"","overlay-opacity":"","overlay-gradient":""},"mobile":{"background-color":"var(--ast-global-color-5)","background-image":"","background-repeat":"repeat","background-position":"center center","background-size":"auto","background-attachment":"scroll","background-type":"","background-media":"","overlay-type":"","overlay-color":"","overlay-opacity":"","overlay-gradient":""}},"footnotes":""},"class_list":["post-2659","page","type-page","status-publish","hentry"],"_links":{"self":[{"href":"https:\/\/karinm.taiendkoolitused.ee\/en\/wp-json\/wp\/v2\/pages\/2659","targetHints":{"allow":["GET"]}}],"collection":[{"href":"https:\/\/karinm.taiendkoolitused.ee\/en\/wp-json\/wp\/v2\/pages"}],"about":[{"href":"https:\/\/karinm.taiendkoolitused.ee\/en\/wp-json\/wp\/v2\/types\/page"}],"author":[{"embeddable":true,"href":"https:\/\/karinm.taiendkoolitused.ee\/en\/wp-json\/wp\/v2\/users\/1"}],"replies":[{"embeddable":true,"href":"https:\/\/karinm.taiendkoolitused.ee\/en\/wp-json\/wp\/v2\/comments?post=2659"}],"version-history":[{"count":5,"href":"https:\/\/karinm.taiendkoolitused.ee\/en\/wp-json\/wp\/v2\/pages\/2659\/revisions"}],"predecessor-version":[{"id":2906,"href":"https:\/\/karinm.taiendkoolitused.ee\/en\/wp-json\/wp\/v2\/pages\/2659\/revisions\/2906"}],"wp:attachment":[{"href":"https:\/\/karinm.taiendkoolitused.ee\/en\/wp-json\/wp\/v2\/media?parent=2659"}],"curies":[{"name":"wp","href":"https:\/\/api.w.org\/{rel}","templated":true}]}}